{"id":353,"date":"2018-10-17T13:23:30","date_gmt":"2018-10-17T10:23:30","guid":{"rendered":"http:\/\/www.wowevents.eu\/urituste-produktsioon-copy\/"},"modified":"2025-09-11T21:26:47","modified_gmt":"2025-09-11T18:26:47","slug":"urituse-strateegiline-planeerimine","status":"publish","type":"page","link":"https:\/\/wow.halfmind.ee\/en\/urituse-strateegiline-planeerimine\/","title":{"rendered":"\u00dcrituse strateegiline planeerimine"},"content":{"rendered":"<p>[et_pb_section fb_built=&#8221;1&#8243; admin_label=&#8221;Hero&#8221; _builder_version=&#8221;4.27.4&#8243; global_colors_info=&#8221;{}&#8221; theme_builder_area=&#8221;post_content&#8221;][et_pb_row _builder_version=&#8221;4.16&#8243; custom_width_px=&#8221;1384px&#8221; global_colors_info=&#8221;{}&#8221; theme_builder_area=&#8221;post_content&#8221;][et_pb_column type=&#8221;4_4&#8243; _builder_version=&#8221;4.16&#8243; custom_padding=&#8221;|||&#8221; global_colors_info=&#8221;{}&#8221; custom_padding__hover=&#8221;|||&#8221; theme_builder_area=&#8221;post_content&#8221;][et_pb_text _builder_version=&#8221;4.27.4&#8243; text_font=&#8221;&#8211;et_global_body_font||||||||&#8221; text_text_color=&#8221;#FB00B1&#8243; header_font=&#8221;&#8211;et_global_heading_font|700||on|||||&#8221; header_text_color=&#8221;#FB00B1&#8243; header_line_height=&#8221;1.4em&#8221; header_2_font=&#8221;Josefin Sans||||||||&#8221; header_2_text_color=&#8221;rgba(255,255,255,0.6)&#8221; header_2_font_size=&#8221;32px&#8221; header_2_line_height=&#8221;1.4em&#8221; background_layout=&#8221;dark&#8221; animation_style=&#8221;slide&#8221; animation_direction=&#8221;right&#8221; animation_intensity_slide=&#8221;4%&#8221; hover_enabled=&#8221;0&#8243; header_font_size_tablet=&#8221;50px&#8221; header_font_size_phone=&#8221;32px&#8221; header_2_font_size_phone=&#8221;24px&#8221; global_colors_info=&#8221;{}&#8221; theme_builder_area=&#8221;post_content&#8221; text_font_size=&#8221;15px&#8221; header_font_size=&#8221;50px&#8221; sticky_enabled=&#8221;0&#8243;]<\/p>\n<h1>Strategic <g class=\"gr_ gr_30 gr-alert gr_spell gr_inline_cards gr_run_anim ContextualSpelling\" id=\"30\" data-gr-id=\"30\">event<\/g>\u00a0<g class=\"gr_ gr_31 gr-alert gr_spell gr_inline_cards gr_run_anim ContextualSpelling\" id=\"31\" data-gr-id=\"31\">planning<\/g><\/h1>\n<p>[\/et_pb_text][\/et_pb_column][\/et_pb_row][\/et_pb_section][et_pb_section fb_built=&#8221;1&#8243; custom_padding_last_edited=&#8221;off|desktop&#8221; admin_label=&#8221;Service&#8221; _builder_version=&#8221;4.16&#8243; custom_padding=&#8221;54px|0px|54px|0px|false|false&#8221; global_colors_info=&#8221;{}&#8221;][et_pb_row column_structure=&#8221;1_2,1_2&#8243; _builder_version=&#8221;4.16&#8243; locked=&#8221;off&#8221; global_colors_info=&#8221;{}&#8221;][et_pb_column type=&#8221;1_2&#8243; _builder_version=&#8221;4.16&#8243; custom_padding=&#8221;|||&#8221; global_colors_info=&#8221;{}&#8221; custom_padding__hover=&#8221;|||&#8221;][et_pb_text _builder_version=&#8221;4.27.4&#8243; locked=&#8221;off&#8221; global_colors_info=&#8221;{}&#8221; hover_enabled=&#8221;0&#8243; sticky_enabled=&#8221;0&#8243;]<\/p>\n<p data-start=\"374\" data-end=\"541\"><strong data-start=\"374\" data-end=\"437\">Hea \u00fcritus ei s\u00fcnni juhuslikult. See s\u00fcnnib planeerimisest.<\/strong><\/p>\n<p data-start=\"374\" data-end=\"541\">Kui k\u00f5ik tundub laval lihtne ja sujuv, t\u00e4hendab see, et plaan on olnud tark, detailne ja l\u00e4bim\u00f5eldud.<\/p>\n<p><span><\/span><\/p>\n<p>[\/et_pb_text][et_pb_button button_url=&#8221;#kontakt&#8221; button_text=&#8221;Broneeri konsultatsioon&#8221; _builder_version=&#8221;4.27.4&#8243; button_text_size=&#8221;14px&#8221; button_bg_color=&#8221;#FB00B1&#8243; button_border_width=&#8221;14px&#8221; button_border_color=&#8221;#FB00B1&#8243; button_border_radius=&#8221;12px&#8221; button_letter_spacing=&#8221;1px&#8221; button_font=&#8221;Josefin Sans|700||on|||||&#8221; button_use_icon=&#8221;off&#8221; custom_margin=&#8221;|||&#8221; custom_margin_tablet=&#8221;0px||0px|&#8221; custom_margin_phone=&#8221;||0px|&#8221; custom_margin_last_edited=&#8221;off|desktop&#8221; custom_padding=&#8221;|||&#8221; box_shadow_style=&#8221;preset3&#8243; box_shadow_blur=&#8221;30px&#8221; box_shadow_color=&#8221;rgba(0,0,0,0.16)&#8221; button_border_radius_hover=&#8221;0px&#8221; button_letter_spacing_hover=&#8221;1px&#8221; locked=&#8221;off&#8221; global_colors_info=&#8221;{}&#8221; button_text_size__hover_enabled=&#8221;off&#8221; button_one_text_size__hover_enabled=&#8221;off&#8221; button_two_text_size__hover_enabled=&#8221;off&#8221; button_text_color__hover_enabled=&#8221;off&#8221; button_one_text_color__hover_enabled=&#8221;off&#8221; button_two_text_color__hover_enabled=&#8221;off&#8221; button_border_width__hover_enabled=&#8221;off&#8221; button_one_border_width__hover_enabled=&#8221;off&#8221; button_two_border_width__hover_enabled=&#8221;off&#8221; button_border_color__hover_enabled=&#8221;off&#8221; button_one_border_color__hover_enabled=&#8221;off&#8221; button_two_border_color__hover_enabled=&#8221;off&#8221; button_border_radius__hover_enabled=&#8221;on|hover&#8221; button_border_radius__hover=&#8221;12px&#8221; button_one_border_radius__hover_enabled=&#8221;off&#8221; button_two_border_radius__hover_enabled=&#8221;off&#8221; button_letter_spacing__hover_enabled=&#8221;on&#8221; button_letter_spacing__hover=&#8221;1px&#8221; button_one_letter_spacing__hover_enabled=&#8221;off&#8221; button_two_letter_spacing__hover_enabled=&#8221;off&#8221; button_bg_color__hover_enabled=&#8221;off&#8221; button_one_bg_color__hover_enabled=&#8221;off&#8221; button_two_bg_color__hover_enabled=&#8221;off&#8221; theme_builder_area=&#8221;post_content&#8221;]&nbsp;[\/et_pb_button][\/et_pb_column][et_pb_column type=&#8221;1_2&#8243; _builder_version=&#8221;4.16&#8243; custom_padding=&#8221;|||&#8221; global_colors_info=&#8221;{}&#8221; custom_padding__hover=&#8221;|||&#8221;][et_pb_image src=&#8221;https:\/\/www.wowevents.eu\/wp-content\/uploads\/2018\/10\/WOW-Events-Stera-2.jpeg&#8221; force_fullwidth=&#8221;on&#8221; align_tablet=&#8221;center&#8221; align_phone=&#8221;&#8221; align_last_edited=&#8221;on|desktop&#8221; _builder_version=&#8221;4.16&#8243; global_colors_info=&#8221;{}&#8221;]<\/p>\n<p>&nbsp;<\/p>\n<p>[\/et_pb_image][\/et_pb_column][\/et_pb_row][\/et_pb_section]<\/p>","protected":false},"excerpt":{"rendered":"<p>\u00dcrituste strateegiline\u00a0planeerimineHea \u00fcritus ei s\u00fcnni juhuslikult. See s\u00fcnnib planeerimisest. Kui k\u00f5ik tundub laval lihtne ja sujuv, t\u00e4hendab see, et plaan on olnud tark, detailne ja l\u00e4bim\u00f5eldud. &nbsp;&nbsp;<\/p>","protected":false},"author":2,"featured_media":0,"parent":0,"menu_order":0,"comment_status":"closed","ping_status":"closed","template":"","meta":{"_et_pb_use_builder":"on","_et_pb_old_content":"","_et_gb_content_width":"","_monsterinsights_skip_tracking":false,"_monsterinsights_sitenote_active":false,"_monsterinsights_sitenote_note":"","_monsterinsights_sitenote_category":0,"_uf_show_specific_survey":0,"_uf_disable_surveys":false,"footnotes":""},"class_list":["post-353","page","type-page","status-publish","hentry"],"yoast_head":"<!-- This site is optimized with the Yoast SEO plugin v25.8 - https:\/\/yoast.com\/wordpress\/plugins\/seo\/ -->\n<title>\u00dcrituse projekt ja korraldamise plaan - \u00dcrituse strateegiline planeerimine<\/title>\n<meta name=\"description\" content=\"\u00dcrituse korraldamise konsultatsiooniteenused: \u00fcrituse riskide audit ja strateegiline planeerimine. N\u00f5ustame, aitame, soovitame!\" \/>\n<meta name=\"robots\" content=\"index, follow, max-snippet:-1, max-image-preview:large, max-video-preview:-1\" \/>\n<link rel=\"canonical\" href=\"https:\/\/wow.halfmind.ee\/en\/urituse-strateegiline-planeerimine\/\" \/>\n<meta property=\"og:locale\" content=\"en_GB\" \/>\n<meta property=\"og:type\" content=\"article\" \/>\n<meta property=\"og:title\" content=\"\u00dcrituse projekt ja korraldamise plaan - \u00dcrituse strateegiline planeerimine\" \/>\n<meta property=\"og:description\" content=\"\u00dcrituse korraldamise konsultatsiooniteenused: \u00fcrituse riskide audit ja strateegiline planeerimine. N\u00f5ustame, aitame, soovitame!\" \/>\n<meta property=\"og:url\" content=\"https:\/\/wow.halfmind.ee\/en\/urituse-strateegiline-planeerimine\/\" \/>\n<meta property=\"og:site_name\" content=\"WOW EVENTS | We create positive impact\" \/>\n<meta property=\"article:publisher\" content=\"https:\/\/www.facebook.com\/wowevents10\" \/>\n<meta property=\"article:modified_time\" content=\"2025-09-11T18:26:47+00:00\" \/>\n<meta name=\"twitter:card\" content=\"summary_large_image\" \/>\n<meta name=\"twitter:site\" content=\"@wowevents10\" \/>\n<meta name=\"twitter:label1\" content=\"Estimated reading time\" \/>\n\t<meta name=\"twitter:data1\" content=\"3 minutes\" \/>\n<script type=\"application\/ld+json\" class=\"yoast-schema-graph\">{\"@context\":\"https:\/\/schema.org\",\"@graph\":[{\"@type\":\"WebPage\",\"@id\":\"https:\/\/wow.halfmind.ee\/urituse-strateegiline-planeerimine\/\",\"url\":\"https:\/\/wow.halfmind.ee\/urituse-strateegiline-planeerimine\/\",\"name\":\"\u00dcrituse projekt ja korraldamise plaan - \u00dcrituse strateegiline planeerimine\",\"isPartOf\":{\"@id\":\"https:\/\/wow.halfmind.ee\/#website\"},\"datePublished\":\"2018-10-17T10:23:30+00:00\",\"dateModified\":\"2025-09-11T18:26:47+00:00\",\"description\":\"\u00dcrituse korraldamise konsultatsiooniteenused: \u00fcrituse riskide audit ja strateegiline planeerimine. N\u00f5ustame, aitame, soovitame!\",\"breadcrumb\":{\"@id\":\"https:\/\/wow.halfmind.ee\/urituse-strateegiline-planeerimine\/#breadcrumb\"},\"inLanguage\":\"en-GB\",\"potentialAction\":[{\"@type\":\"ReadAction\",\"target\":[\"https:\/\/wow.halfmind.ee\/urituse-strateegiline-planeerimine\/\"]}]},{\"@type\":\"BreadcrumbList\",\"@id\":\"https:\/\/wow.halfmind.ee\/urituse-strateegiline-planeerimine\/#breadcrumb\",\"itemListElement\":[{\"@type\":\"ListItem\",\"position\":1,\"name\":\"Home\",\"item\":\"https:\/\/wow.halfmind.ee\/\"},{\"@type\":\"ListItem\",\"position\":2,\"name\":\"\u00dcrituse strateegiline planeerimine\"}]},{\"@type\":\"WebSite\",\"@id\":\"https:\/\/wow.halfmind.ee\/#website\",\"url\":\"https:\/\/wow.halfmind.ee\/\",\"name\":\"WOW EVENTS | We create positive impact\",\"description\":\"We create positive impact\",\"potentialAction\":[{\"@type\":\"SearchAction\",\"target\":{\"@type\":\"EntryPoint\",\"urlTemplate\":\"https:\/\/wow.halfmind.ee\/?s={search_term_string}\"},\"query-input\":{\"@type\":\"PropertyValueSpecification\",\"valueRequired\":true,\"valueName\":\"search_term_string\"}}],\"inLanguage\":\"en-GB\"}]}<\/script>\n<!-- \/ Yoast SEO plugin. -->","yoast_head_json":{"title":"\u00dcrituse projekt ja korraldamise plaan - \u00dcrituse strateegiline planeerimine","description":"\u00dcrituse korraldamise konsultatsiooniteenused: \u00fcrituse riskide audit ja strateegiline planeerimine. N\u00f5ustame, aitame, soovitame!","robots":{"index":"index","follow":"follow","max-snippet":"max-snippet:-1","max-image-preview":"max-image-preview:large","max-video-preview":"max-video-preview:-1"},"canonical":"https:\/\/wow.halfmind.ee\/en\/urituse-strateegiline-planeerimine\/","og_locale":"en_GB","og_type":"article","og_title":"\u00dcrituse projekt ja korraldamise plaan - \u00dcrituse strateegiline planeerimine","og_description":"\u00dcrituse korraldamise konsultatsiooniteenused: \u00fcrituse riskide audit ja strateegiline planeerimine. N\u00f5ustame, aitame, soovitame!","og_url":"https:\/\/wow.halfmind.ee\/en\/urituse-strateegiline-planeerimine\/","og_site_name":"WOW EVENTS | We create positive impact","article_publisher":"https:\/\/www.facebook.com\/wowevents10","article_modified_time":"2025-09-11T18:26:47+00:00","twitter_card":"summary_large_image","twitter_site":"@wowevents10","twitter_misc":{"Estimated reading time":"3 minutes"},"schema":{"@context":"https:\/\/schema.org","@graph":[{"@type":"WebPage","@id":"https:\/\/wow.halfmind.ee\/urituse-strateegiline-planeerimine\/","url":"https:\/\/wow.halfmind.ee\/urituse-strateegiline-planeerimine\/","name":"\u00dcrituse projekt ja korraldamise plaan - \u00dcrituse strateegiline planeerimine","isPartOf":{"@id":"https:\/\/wow.halfmind.ee\/#website"},"datePublished":"2018-10-17T10:23:30+00:00","dateModified":"2025-09-11T18:26:47+00:00","description":"\u00dcrituse korraldamise konsultatsiooniteenused: \u00fcrituse riskide audit ja strateegiline planeerimine. N\u00f5ustame, aitame, soovitame!","breadcrumb":{"@id":"https:\/\/wow.halfmind.ee\/urituse-strateegiline-planeerimine\/#breadcrumb"},"inLanguage":"en-GB","potentialAction":[{"@type":"ReadAction","target":["https:\/\/wow.halfmind.ee\/urituse-strateegiline-planeerimine\/"]}]},{"@type":"BreadcrumbList","@id":"https:\/\/wow.halfmind.ee\/urituse-strateegiline-planeerimine\/#breadcrumb","itemListElement":[{"@type":"ListItem","position":1,"name":"Home","item":"https:\/\/wow.halfmind.ee\/"},{"@type":"ListItem","position":2,"name":"\u00dcrituse strateegiline planeerimine"}]},{"@type":"WebSite","@id":"https:\/\/wow.halfmind.ee\/#website","url":"https:\/\/wow.halfmind.ee\/","name":"WOW EVENTS | We create positive impact","description":"We create positive impact","potentialAction":[{"@type":"SearchAction","target":{"@type":"EntryPoint","urlTemplate":"https:\/\/wow.halfmind.ee\/?s={search_term_string}"},"query-input":{"@type":"PropertyValueSpecification","valueRequired":true,"valueName":"search_term_string"}}],"inLanguage":"en-GB"}]}},"_links":{"self":[{"href":"https:\/\/wow.halfmind.ee\/en\/wp-json\/wp\/v2\/pages\/353","targetHints":{"allow":["GET"]}}],"collection":[{"href":"https:\/\/wow.halfmind.ee\/en\/wp-json\/wp\/v2\/pages"}],"about":[{"href":"https:\/\/wow.halfmind.ee\/en\/wp-json\/wp\/v2\/types\/page"}],"author":[{"embeddable":true,"href":"https:\/\/wow.halfmind.ee\/en\/wp-json\/wp\/v2\/users\/2"}],"replies":[{"embeddable":true,"href":"https:\/\/wow.halfmind.ee\/en\/wp-json\/wp\/v2\/comments?post=353"}],"version-history":[{"count":3,"href":"https:\/\/wow.halfmind.ee\/en\/wp-json\/wp\/v2\/pages\/353\/revisions"}],"predecessor-version":[{"id":8501,"href":"https:\/\/wow.halfmind.ee\/en\/wp-json\/wp\/v2\/pages\/353\/revisions\/8501"}],"wp:attachment":[{"href":"https:\/\/wow.halfmind.ee\/en\/wp-json\/wp\/v2\/media?parent=353"}],"curies":[{"name":"wp","href":"https:\/\/api.w.org\/{rel}","templated":true}]}}