{"id":326,"date":"2018-10-16T21:12:54","date_gmt":"2018-10-16T18:12:54","guid":{"rendered":"http:\/\/www.wowevents.eu\/kliendiuritused-copy\/"},"modified":"2025-09-11T21:47:04","modified_gmt":"2025-09-11T18:47:04","slug":"sisekommunikatsiooniuritused","status":"publish","type":"page","link":"https:\/\/wow.halfmind.ee\/en\/sisekommunikatsiooniuritused\/","title":{"rendered":"Sisekommunikatsiooni\u00fcritused"},"content":{"rendered":"<p>[et_pb_section fb_built=&#8221;1&#8243; admin_label=&#8221;Hero&#8221; _builder_version=&#8221;4.27.4&#8243; background_color=&#8221;RGBA(255,255,255,0)&#8221; custom_margin=&#8221;|||&#8221; global_colors_info=&#8221;{}&#8221; theme_builder_area=&#8221;post_content&#8221;][et_pb_row _builder_version=&#8221;4.16&#8243; custom_margin=&#8221;|||&#8221; custom_padding=&#8221;27px|0px|0|0px|false|false&#8221; custom_width_px=&#8221;1384px&#8221; global_colors_info=&#8221;{}&#8221; theme_builder_area=&#8221;post_content&#8221;][et_pb_column type=&#8221;4_4&#8243; _builder_version=&#8221;4.16&#8243; custom_padding=&#8221;|||&#8221; global_colors_info=&#8221;{}&#8221; custom_padding__hover=&#8221;|||&#8221; theme_builder_area=&#8221;post_content&#8221;][et_pb_text _builder_version=&#8221;4.27.4&#8243; text_font=&#8221;&#8211;et_global_body_font||||||||&#8221; text_text_color=&#8221;#FB00B1&#8243; header_font=&#8221;&#8211;et_global_heading_font|700||on|||||&#8221; header_text_color=&#8221;#FB00B1&#8243; header_font_size=&#8221;50px&#8221; header_line_height=&#8221;1.4em&#8221; header_2_font=&#8221;Josefin Sans||||||||&#8221; header_2_text_color=&#8221;rgba(255,255,255,0.6)&#8221; header_2_font_size=&#8221;32px&#8221; header_2_line_height=&#8221;1.4em&#8221; background_layout=&#8221;dark&#8221; animation_style=&#8221;slide&#8221; animation_direction=&#8221;right&#8221; animation_intensity_slide=&#8221;4%&#8221; header_font_size_tablet=&#8221;50px&#8221; header_font_size_phone=&#8221;32px&#8221; header_2_font_size_phone=&#8221;24px&#8221; global_colors_info=&#8221;{}&#8221; theme_builder_area=&#8221;post_content&#8221;]<\/p>\n<h1><span>Internal communication<\/span><\/h1>\n<p>[\/et_pb_text][\/et_pb_column][\/et_pb_row][\/et_pb_section][et_pb_section fb_built=&#8221;1&#8243; custom_padding_last_edited=&#8221;off|desktop&#8221; admin_label=&#8221;Service&#8221; _builder_version=&#8221;4.16&#8243; custom_padding=&#8221;54px|0px|54px|0px|false|false&#8221; global_colors_info=&#8221;{}&#8221;][et_pb_row column_structure=&#8221;1_2,1_2&#8243; _builder_version=&#8221;4.16&#8243; locked=&#8221;off&#8221; global_colors_info=&#8221;{}&#8221;][et_pb_column type=&#8221;1_2&#8243; _builder_version=&#8221;4.16&#8243; custom_padding=&#8221;|||&#8221; global_colors_info=&#8221;{}&#8221; custom_padding__hover=&#8221;|||&#8221;][et_pb_text _builder_version=&#8221;4.27.4&#8243; locked=&#8221;off&#8221; global_colors_info=&#8221;{}&#8221;]<\/p>\n<p><strong data-start=\"399\" data-end=\"475\">Ettev\u00f5tte suurim vara ei ole hoone ega masinapark. See on sinu inimesed.<\/strong><\/p>\n<p>Kui t\u00f6\u00f6tajad tunnevad end v\u00e4\u00e4rtustatuna, s\u00fcnnib tulemus, mida Excelis m\u00f5\u00f5ta on raske, aga mida iga juht igap\u00e4evaselt tunneb: motivatsioon, loovus ja p\u00fchendumus.<\/p>\n<p>[\/et_pb_text][et_pb_button button_url=&#8221;#kontakt&#8221; button_text=&#8221;Broneeri konsultatsioon&#8221; _builder_version=&#8221;4.27.4&#8243; button_text_size=&#8221;14px&#8221; button_bg_color=&#8221;#FB00B1&#8243; button_border_width=&#8221;14px&#8221; button_border_color=&#8221;#FB00B1&#8243; button_border_radius=&#8221;12px&#8221; button_letter_spacing=&#8221;1px&#8221; button_font=&#8221;Josefin Sans|700||on|||||&#8221; button_use_icon=&#8221;off&#8221; custom_margin=&#8221;|||&#8221; custom_margin_tablet=&#8221;0px||0px|&#8221; custom_margin_phone=&#8221;||0px|&#8221; custom_margin_last_edited=&#8221;off|desktop&#8221; custom_padding=&#8221;|||&#8221; box_shadow_style=&#8221;preset3&#8243; box_shadow_blur=&#8221;30px&#8221; box_shadow_color=&#8221;rgba(0,0,0,0.16)&#8221; button_border_radius_hover=&#8221;0px&#8221; button_letter_spacing_hover=&#8221;1px&#8221; locked=&#8221;off&#8221; global_colors_info=&#8221;{}&#8221; button_text_size__hover_enabled=&#8221;off&#8221; button_one_text_size__hover_enabled=&#8221;off&#8221; button_two_text_size__hover_enabled=&#8221;off&#8221; button_text_color__hover_enabled=&#8221;off&#8221; button_one_text_color__hover_enabled=&#8221;off&#8221; button_two_text_color__hover_enabled=&#8221;off&#8221; button_border_width__hover_enabled=&#8221;off&#8221; button_one_border_width__hover_enabled=&#8221;off&#8221; button_two_border_width__hover_enabled=&#8221;off&#8221; button_border_color__hover_enabled=&#8221;off&#8221; button_one_border_color__hover_enabled=&#8221;off&#8221; button_two_border_color__hover_enabled=&#8221;off&#8221; button_border_radius__hover_enabled=&#8221;on|hover&#8221; button_border_radius__hover=&#8221;12px&#8221; button_one_border_radius__hover_enabled=&#8221;off&#8221; button_two_border_radius__hover_enabled=&#8221;off&#8221; button_letter_spacing__hover_enabled=&#8221;on&#8221; button_letter_spacing__hover=&#8221;1px&#8221; button_one_letter_spacing__hover_enabled=&#8221;off&#8221; button_two_letter_spacing__hover_enabled=&#8221;off&#8221; button_bg_color__hover_enabled=&#8221;off&#8221; button_one_bg_color__hover_enabled=&#8221;off&#8221; button_two_bg_color__hover_enabled=&#8221;off&#8221;]&nbsp;[\/et_pb_button][\/et_pb_column][et_pb_column type=&#8221;1_2&#8243; _builder_version=&#8221;4.16&#8243; custom_padding=&#8221;|||&#8221; global_colors_info=&#8221;{}&#8221; custom_padding__hover=&#8221;|||&#8221;][et_pb_image src=&#8221;https:\/\/www.wowevents.eu\/wp-content\/uploads\/2019\/06\/small-talk.jpg&#8221; alt=&#8221;small talk _ WOW events&#8221; title_text=&#8221;small talk&#8221; force_fullwidth=&#8221;on&#8221; align_tablet=&#8221;center&#8221; align_phone=&#8221;&#8221; align_last_edited=&#8221;on|desktop&#8221; _builder_version=&#8221;4.16&#8243; global_colors_info=&#8221;{}&#8221;]&nbsp;[\/et_pb_image][\/et_pb_column][\/et_pb_row][\/et_pb_section]<\/p>","protected":false},"excerpt":{"rendered":"<p>SisekommunikatsioonEttev\u00f5tte suurim vara ei ole hoone ega masinapark. See on sinu inimesed. Kui t\u00f6\u00f6tajad tunnevad end v\u00e4\u00e4rtustatuna, s\u00fcnnib tulemus, mida Excelis m\u00f5\u00f5ta on raske, aga mida iga juht igap\u00e4evaselt tunneb: motivatsioon, loovus ja p\u00fchendumus.&nbsp;&nbsp;<\/p>","protected":false},"author":2,"featured_media":0,"parent":0,"menu_order":0,"comment_status":"closed","ping_status":"closed","template":"","meta":{"_et_pb_use_builder":"on","_et_pb_old_content":"","_et_gb_content_width":"","_monsterinsights_skip_tracking":false,"_monsterinsights_sitenote_active":false,"_monsterinsights_sitenote_note":"","_monsterinsights_sitenote_category":0,"_uf_show_specific_survey":0,"_uf_disable_surveys":false,"footnotes":""},"class_list":["post-326","page","type-page","status-publish","hentry"],"yoast_head":"<!-- This site is optimized with the Yoast SEO plugin v25.8 - https:\/\/yoast.com\/wordpress\/plugins\/seo\/ -->\n<title>Firma\u00fcritused: suvep\u00e4evad, ettev\u00f5tete j\u00f5ulupidu, teambuilding, firmapidu<\/title>\n<meta name=\"description\" content=\"Teambuilding, j\u00f5ulupidu, laste j\u00f5ulupidu, suvep\u00e4evad, perep\u00e4evad, sisekoolitus, motivatsiooni\u00fcritused, loovkoosolekud, juhtkonna v\u00e4ljas\u00f5idud jt firma\u00fcritused.\" \/>\n<meta name=\"robots\" content=\"index, follow, max-snippet:-1, max-image-preview:large, max-video-preview:-1\" \/>\n<link rel=\"canonical\" href=\"https:\/\/wow.halfmind.ee\/en\/sisekommunikatsiooniuritused\/\" \/>\n<meta property=\"og:locale\" content=\"en_GB\" \/>\n<meta property=\"og:type\" content=\"article\" \/>\n<meta property=\"og:title\" content=\"Firma\u00fcritused: suvep\u00e4evad, ettev\u00f5tete j\u00f5ulupidu, teambuilding, firmapidu\" \/>\n<meta property=\"og:description\" content=\"Teambuilding, j\u00f5ulupidu, laste j\u00f5ulupidu, suvep\u00e4evad, perep\u00e4evad, sisekoolitus, motivatsiooni\u00fcritused, loovkoosolekud, juhtkonna v\u00e4ljas\u00f5idud jt firma\u00fcritused.\" \/>\n<meta property=\"og:url\" content=\"https:\/\/wow.halfmind.ee\/en\/sisekommunikatsiooniuritused\/\" \/>\n<meta property=\"og:site_name\" content=\"WOW EVENTS | We create positive impact\" \/>\n<meta property=\"article:publisher\" content=\"https:\/\/www.facebook.com\/wowevents10\" \/>\n<meta property=\"article:modified_time\" content=\"2025-09-11T18:47:04+00:00\" \/>\n<meta name=\"twitter:card\" content=\"summary_large_image\" \/>\n<meta name=\"twitter:site\" content=\"@wowevents10\" \/>\n<meta name=\"twitter:label1\" content=\"Estimated reading time\" \/>\n\t<meta name=\"twitter:data1\" content=\"3 minutes\" \/>\n<script type=\"application\/ld+json\" class=\"yoast-schema-graph\">{\"@context\":\"https:\/\/schema.org\",\"@graph\":[{\"@type\":\"WebPage\",\"@id\":\"https:\/\/wow.halfmind.ee\/sisekommunikatsiooniuritused\/\",\"url\":\"https:\/\/wow.halfmind.ee\/sisekommunikatsiooniuritused\/\",\"name\":\"Firma\u00fcritused: suvep\u00e4evad, ettev\u00f5tete j\u00f5ulupidu, teambuilding, firmapidu\",\"isPartOf\":{\"@id\":\"https:\/\/wow.halfmind.ee\/#website\"},\"datePublished\":\"2018-10-16T18:12:54+00:00\",\"dateModified\":\"2025-09-11T18:47:04+00:00\",\"description\":\"Teambuilding, j\u00f5ulupidu, laste j\u00f5ulupidu, suvep\u00e4evad, perep\u00e4evad, sisekoolitus, motivatsiooni\u00fcritused, loovkoosolekud, juhtkonna v\u00e4ljas\u00f5idud jt firma\u00fcritused.\",\"breadcrumb\":{\"@id\":\"https:\/\/wow.halfmind.ee\/sisekommunikatsiooniuritused\/#breadcrumb\"},\"inLanguage\":\"en-GB\",\"potentialAction\":[{\"@type\":\"ReadAction\",\"target\":[\"https:\/\/wow.halfmind.ee\/sisekommunikatsiooniuritused\/\"]}]},{\"@type\":\"BreadcrumbList\",\"@id\":\"https:\/\/wow.halfmind.ee\/sisekommunikatsiooniuritused\/#breadcrumb\",\"itemListElement\":[{\"@type\":\"ListItem\",\"position\":1,\"name\":\"Home\",\"item\":\"https:\/\/wow.halfmind.ee\/\"},{\"@type\":\"ListItem\",\"position\":2,\"name\":\"Sisekommunikatsiooni\u00fcritused\"}]},{\"@type\":\"WebSite\",\"@id\":\"https:\/\/wow.halfmind.ee\/#website\",\"url\":\"https:\/\/wow.halfmind.ee\/\",\"name\":\"WOW EVENTS | We create positive impact\",\"description\":\"We create positive impact\",\"potentialAction\":[{\"@type\":\"SearchAction\",\"target\":{\"@type\":\"EntryPoint\",\"urlTemplate\":\"https:\/\/wow.halfmind.ee\/?s={search_term_string}\"},\"query-input\":{\"@type\":\"PropertyValueSpecification\",\"valueRequired\":true,\"valueName\":\"search_term_string\"}}],\"inLanguage\":\"en-GB\"}]}<\/script>\n<!-- \/ Yoast SEO plugin. -->","yoast_head_json":{"title":"Firma\u00fcritused: suvep\u00e4evad, ettev\u00f5tete j\u00f5ulupidu, teambuilding, firmapidu","description":"Teambuilding, j\u00f5ulupidu, laste j\u00f5ulupidu, suvep\u00e4evad, perep\u00e4evad, sisekoolitus, motivatsiooni\u00fcritused, loovkoosolekud, juhtkonna v\u00e4ljas\u00f5idud jt firma\u00fcritused.","robots":{"index":"index","follow":"follow","max-snippet":"max-snippet:-1","max-image-preview":"max-image-preview:large","max-video-preview":"max-video-preview:-1"},"canonical":"https:\/\/wow.halfmind.ee\/en\/sisekommunikatsiooniuritused\/","og_locale":"en_GB","og_type":"article","og_title":"Firma\u00fcritused: suvep\u00e4evad, ettev\u00f5tete j\u00f5ulupidu, teambuilding, firmapidu","og_description":"Teambuilding, j\u00f5ulupidu, laste j\u00f5ulupidu, suvep\u00e4evad, perep\u00e4evad, sisekoolitus, motivatsiooni\u00fcritused, loovkoosolekud, juhtkonna v\u00e4ljas\u00f5idud jt firma\u00fcritused.","og_url":"https:\/\/wow.halfmind.ee\/en\/sisekommunikatsiooniuritused\/","og_site_name":"WOW EVENTS | We create positive impact","article_publisher":"https:\/\/www.facebook.com\/wowevents10","article_modified_time":"2025-09-11T18:47:04+00:00","twitter_card":"summary_large_image","twitter_site":"@wowevents10","twitter_misc":{"Estimated reading time":"3 minutes"},"schema":{"@context":"https:\/\/schema.org","@graph":[{"@type":"WebPage","@id":"https:\/\/wow.halfmind.ee\/sisekommunikatsiooniuritused\/","url":"https:\/\/wow.halfmind.ee\/sisekommunikatsiooniuritused\/","name":"Firma\u00fcritused: suvep\u00e4evad, ettev\u00f5tete j\u00f5ulupidu, teambuilding, firmapidu","isPartOf":{"@id":"https:\/\/wow.halfmind.ee\/#website"},"datePublished":"2018-10-16T18:12:54+00:00","dateModified":"2025-09-11T18:47:04+00:00","description":"Teambuilding, j\u00f5ulupidu, laste j\u00f5ulupidu, suvep\u00e4evad, perep\u00e4evad, sisekoolitus, motivatsiooni\u00fcritused, loovkoosolekud, juhtkonna v\u00e4ljas\u00f5idud jt firma\u00fcritused.","breadcrumb":{"@id":"https:\/\/wow.halfmind.ee\/sisekommunikatsiooniuritused\/#breadcrumb"},"inLanguage":"en-GB","potentialAction":[{"@type":"ReadAction","target":["https:\/\/wow.halfmind.ee\/sisekommunikatsiooniuritused\/"]}]},{"@type":"BreadcrumbList","@id":"https:\/\/wow.halfmind.ee\/sisekommunikatsiooniuritused\/#breadcrumb","itemListElement":[{"@type":"ListItem","position":1,"name":"Home","item":"https:\/\/wow.halfmind.ee\/"},{"@type":"ListItem","position":2,"name":"Sisekommunikatsiooni\u00fcritused"}]},{"@type":"WebSite","@id":"https:\/\/wow.halfmind.ee\/#website","url":"https:\/\/wow.halfmind.ee\/","name":"WOW EVENTS | We create positive impact","description":"We create positive impact","potentialAction":[{"@type":"SearchAction","target":{"@type":"EntryPoint","urlTemplate":"https:\/\/wow.halfmind.ee\/?s={search_term_string}"},"query-input":{"@type":"PropertyValueSpecification","valueRequired":true,"valueName":"search_term_string"}}],"inLanguage":"en-GB"}]}},"_links":{"self":[{"href":"https:\/\/wow.halfmind.ee\/en\/wp-json\/wp\/v2\/pages\/326","targetHints":{"allow":["GET"]}}],"collection":[{"href":"https:\/\/wow.halfmind.ee\/en\/wp-json\/wp\/v2\/pages"}],"about":[{"href":"https:\/\/wow.halfmind.ee\/en\/wp-json\/wp\/v2\/types\/page"}],"author":[{"embeddable":true,"href":"https:\/\/wow.halfmind.ee\/en\/wp-json\/wp\/v2\/users\/2"}],"replies":[{"embeddable":true,"href":"https:\/\/wow.halfmind.ee\/en\/wp-json\/wp\/v2\/comments?post=326"}],"version-history":[{"count":3,"href":"https:\/\/wow.halfmind.ee\/en\/wp-json\/wp\/v2\/pages\/326\/revisions"}],"predecessor-version":[{"id":8511,"href":"https:\/\/wow.halfmind.ee\/en\/wp-json\/wp\/v2\/pages\/326\/revisions\/8511"}],"wp:attachment":[{"href":"https:\/\/wow.halfmind.ee\/en\/wp-json\/wp\/v2\/media?parent=326"}],"curies":[{"name":"wp","href":"https:\/\/api.w.org\/{rel}","templated":true}]}}